{"id":601,"date":"2026-01-08T12:43:16","date_gmt":"2026-01-08T17:43:16","guid":{"rendered":"https:\/\/campspoland.barcaacademy.com\/?page_id=601"},"modified":"2026-04-16T00:56:19","modified_gmt":"2026-04-15T23:56:19","slug":"contact-us","status":"publish","type":"page","link":"https:\/\/campspoland.barcaacademy.com\/pl\/contact-us\/","title":{"rendered":"Skontaktuj si\u0119 z nami"},"content":{"rendered":"<div data-elementor-type=\"wp-page\" data-elementor-id=\"601\" class=\"elementor elementor-601\" data-elementor-post-type=\"page\">\n\t\t\t\t<div class=\"e-con-top elementor-element elementor-element-d152c58 e-flex e-con-boxed e-con e-parent\" data-id=\"d152c58\" data-element_type=\"container\" data-e-type=\"container\" data-settings=\"{&quot;background_background&quot;:&quot;classic&quot;,&quot;jet_parallax_layout_list&quot;:[]}\">\n\t\t\t\t\t<div class=\"e-con-inner\">\n\t\t<div class=\"elementor-element elementor-element-f95e261 e-con-full e-flex e-con e-child\" data-id=\"f95e261\" data-element_type=\"container\" data-e-type=\"container\" data-settings=\"{&quot;jet_parallax_layout_list&quot;:[]}\">\n\t\t\t\t<div class=\"elementor-element elementor-element-2821e59 elementor-widget__width-initial du_all_title_1 elementor-widget elementor-widget-heading\" data-id=\"2821e59\" data-element_type=\"widget\" data-e-type=\"widget\" data-widget_type=\"heading.default\">\n\t\t\t\t<div class=\"elementor-widget-container\">\n\t\t\t\t\t<h2 class=\"elementor-heading-title elementor-size-default\">Szukasz<br> odpowiedzi? <span class=\"title_ylw\">&nbsp;<\/span><\/h2>\t\t\t\t<\/div>\n\t\t\t\t<\/div>\n\t\t\t\t<div class=\"elementor-element elementor-element-c6fa473 elementor-widget elementor-widget-html\" data-id=\"c6fa473\" data-element_type=\"widget\" data-e-type=\"widget\" data-widget_type=\"html.default\">\n\t\t\t\t<div class=\"elementor-widget-container\">\n\t\t\t\t\t<script>\r\ndocument.addEventListener('input', function (e) {\r\n  if (e.target.name === 'form_fields[name]') {\r\n    e.target.value = e.target.value.replace(\/[^A-Za-z\u00c1\u00c9\u00cd\u00d3\u00da\u00e1\u00e9\u00ed\u00f3\u00fa\u00d1\u00f1\\s]\/g, '');\r\n  }\r\n});\r\n<\/script>\r\n\r\n<script>\r\ndocument.addEventListener('input', function (e) {\r\n  if (e.target.name === 'form_fields[phone]') {\r\n    e.target.value = e.target.value.replace(\/\\D\/g, '').slice(0, 9);\r\n  }\r\n});\r\n<\/script>\r\n\r\n<script>\r\ndocument.addEventListener('input', function (e) {\r\n  if (e.target.name === 'form_fields[lastname]') {\r\n    e.target.value = e.target.value.replace(\/[^A-Za-z\u00c1\u00c9\u00cd\u00d3\u00da\u00e1\u00e9\u00ed\u00f3\u00fa\u00d1\u00f1\\s]\/g, '');\r\n  }\r\n});\r\n<\/script>\r\n\r\n\t\t\t\t<\/div>\n\t\t\t\t<\/div>\n\t\t\t\t<div class=\"elementor-element elementor-element-9c65456 elementor-tablet-align-center elementor-icon-list--layout-traditional elementor-list-item-link-full_width elementor-widget elementor-widget-icon-list\" data-id=\"9c65456\" data-element_type=\"widget\" data-e-type=\"widget\" data-widget_type=\"icon-list.default\">\n\t\t\t\t<div class=\"elementor-widget-container\">\n\t\t\t\t\t\t\t<ul class=\"elementor-icon-list-items\">\n\t\t\t\t\t\t\t<li class=\"elementor-icon-list-item\">\n\t\t\t\t\t\t\t\t\t\t\t<a href=\"mailto:camps@barcaacademy.pl\" target=\"_blank\">\n\n\t\t\t\t\t\t\t\t\t\t\t\t<span class=\"elementor-icon-list-icon\">\n\t\t\t\t\t\t\t<svg xmlns=\"http:\/\/www.w3.org\/2000\/svg\" width=\"24\" height=\"24\" viewbox=\"0 0 24 24\" fill=\"none\"><mask id=\"mask0_2795_2782\" style=\"mask-type:alpha\" maskunits=\"userSpaceOnUse\" x=\"0\" y=\"0\" width=\"24\" height=\"24\"><rect width=\"24\" height=\"24\" fill=\"#D9D9D9\"><\/rect><\/mask><g mask=\"url(#mask0_2795_2782)\"><path d=\"M2 20V4H22V20H2ZM12 13L20 8V6L12 11L4 6V8L12 13Z\" fill=\"#FDC52C\"><\/path><\/g><\/svg>\t\t\t\t\t\t<\/span>\n\t\t\t\t\t\t\t\t\t\t<span class=\"elementor-icon-list-text\"><b>E-MAIL<\/b> <br>camps@barcaacademy.pl<\/span>\n\t\t\t\t\t\t\t\t\t\t\t<\/a>\n\t\t\t\t\t\t\t\t\t<\/li>\n\t\t\t\t\t\t\t\t<li class=\"elementor-icon-list-item\">\n\t\t\t\t\t\t\t\t\t\t\t<a href=\"https:\/\/wa.me\/48664421405\" target=\"_blank\">\n\n\t\t\t\t\t\t\t\t\t\t\t\t<span class=\"elementor-icon-list-icon\">\n\t\t\t\t\t\t\t<svg xmlns=\"http:\/\/www.w3.org\/2000\/svg\" width=\"24\" height=\"24\" viewbox=\"0 0 24 24\" fill=\"none\"><path d=\"M12.042 2.5C14.5762 2.50004 16.9474 3.48215 18.7334 5.25977C20.5186 7.03682 21.4999 9.40022 21.5 11.916C21.5 17.1027 17.2542 21.3271 12.042 21.3271H12.0371C10.4536 21.3271 8.89809 20.9299 7.5166 20.1816C7.43307 20.1364 7.33864 20.1159 7.24512 20.1221L7.15137 20.1377L2.71191 21.2969L3.89648 16.9971C3.93199 16.868 3.91463 16.7301 3.84766 16.6143C3.01935 15.1841 2.58339 13.5616 2.58398 11.9111C2.58411 6.72444 6.82993 2.5 12.042 2.5ZM8.3916 6.66504C8.10407 6.66504 7.68446 6.7699 7.33691 7.14453C7.32479 7.1576 7.31132 7.17304 7.29395 7.19141C6.99983 7.50224 6.30273 8.24166 6.30273 9.62695C6.30276 10.3609 6.5663 11.0548 6.82617 11.5684C7.08947 12.0887 7.37211 12.4665 7.45117 12.5723L7.45605 12.5801C7.4579 12.5827 7.46106 12.5863 7.46484 12.5918C7.47255 12.603 7.48217 12.6176 7.49512 12.6367C7.81528 13.1099 9.49127 15.6045 12.0762 16.6211C13.0756 17.0145 13.7424 17.2044 14.2295 17.2861C14.7349 17.3709 15.0356 17.3366 15.2754 17.3076C15.3219 17.302 15.3597 17.2965 15.3965 17.293L15.3975 17.2939C15.7502 17.261 16.211 17.0578 16.5889 16.8145C16.9602 16.5753 17.3956 16.2055 17.5625 15.7451L17.5635 15.7412C17.6841 15.4005 17.7464 15.0808 17.7686 14.8223C17.7796 14.6935 17.7818 14.5718 17.7734 14.4658C17.7687 14.4063 17.7582 14.3047 17.7197 14.2012L17.6709 14.0986L17.5996 13.999C17.5234 13.9094 17.4369 13.8495 17.373 13.8105C17.2875 13.7583 17.186 13.711 17.1045 13.6719C17.0602 13.6506 17.0157 13.6289 16.9688 13.6055C16.8377 13.5403 16.4551 13.3518 16.0752 13.1689C15.7096 12.993 15.3064 12.8026 15.1602 12.748C15.0523 12.7078 14.8414 12.6272 14.6113 12.6543C14.3301 12.6875 14.1299 12.8564 13.9922 13.0635C13.8528 13.2695 13.4477 13.7446 13.2578 13.9658C13.2567 13.9653 13.2551 13.9654 13.2539 13.9648C13.1971 13.9366 13.1255 13.9059 13.0605 13.8779C12.7156 13.7291 12.0559 13.4446 11.291 12.7637L11.29 12.7627C10.6428 12.189 10.1803 11.4801 10 11.1807C10.0904 11.0891 10.1889 10.9726 10.2656 10.8799C10.3148 10.8204 10.3588 10.7665 10.4004 10.7188C10.561 10.5343 10.6336 10.3817 10.7031 10.2373C10.7122 10.2185 10.7212 10.1997 10.7305 10.1807C10.9104 9.81171 10.8081 9.48842 10.708 9.28906C10.7071 9.28708 10.7 9.27228 10.6846 9.23633C10.669 9.20011 10.6491 9.15168 10.625 9.09375C10.5769 8.97805 10.5147 8.82785 10.4463 8.66113C10.2723 8.23743 10.053 7.70264 9.9209 7.4082V7.40723L9.82324 7.21777C9.71784 7.03904 9.58759 6.89586 9.42188 6.7998C9.20468 6.67405 8.99176 6.67227 8.90137 6.66992H8.90234C8.74418 6.6647 8.56235 6.66504 8.3916 6.66504Z\" fill=\"#FDC52C\" stroke=\"#FDC52C\" stroke-linejoin=\"round\"><\/path><\/svg>\t\t\t\t\t\t<\/span>\n\t\t\t\t\t\t\t\t\t\t<span class=\"elementor-icon-list-text\"><b>TELEFON\/WHATSAPP:<\/b> <br>+48 664 421 405<\/span>\n\t\t\t\t\t\t\t\t\t\t\t<\/a>\n\t\t\t\t\t\t\t\t\t<\/li>\n\t\t\t\t\t\t\t\t<li class=\"elementor-icon-list-item\">\n\t\t\t\t\t\t\t\t\t\t\t<span class=\"elementor-icon-list-icon\">\n\t\t\t\t\t\t\t<svg xmlns=\"http:\/\/www.w3.org\/2000\/svg\" width=\"24\" height=\"24\" viewbox=\"0 0 24 24\" fill=\"none\"><mask id=\"mask0_2504_3280\" style=\"mask-type:alpha\" maskunits=\"userSpaceOnUse\" x=\"0\" y=\"0\" width=\"24\" height=\"24\"><rect width=\"24\" height=\"24\" fill=\"#D9D9D9\"><\/rect><\/mask><g mask=\"url(#mask0_2504_3280)\"><path d=\"M15.3 16.7L16.7 15.3L13 11.6V7H11V12.4L15.3 16.7ZM12 22C10.6167 22 9.31667 21.7375 8.1 21.2125C6.88333 20.6875 5.825 19.975 4.925 19.075C4.025 18.175 3.3125 17.1167 2.7875 15.9C2.2625 14.6833 2 13.3833 2 12C2 10.6167 2.2625 9.31667 2.7875 8.1C3.3125 6.88333 4.025 5.825 4.925 4.925C5.825 4.025 6.88333 3.3125 8.1 2.7875C9.31667 2.2625 10.6167 2 12 2C13.3833 2 14.6833 2.2625 15.9 2.7875C17.1167 3.3125 18.175 4.025 19.075 4.925C19.975 5.825 20.6875 6.88333 21.2125 8.1C21.7375 9.31667 22 10.6167 22 12C22 13.3833 21.7375 14.6833 21.2125 15.9C20.6875 17.1167 19.975 18.175 19.075 19.075C18.175 19.975 17.1167 20.6875 15.9 21.2125C14.6833 21.7375 13.3833 22 12 22Z\" fill=\"#FDC52C\"><\/path><\/g><\/svg>\t\t\t\t\t\t<\/span>\n\t\t\t\t\t\t\t\t\t\t<span class=\"elementor-icon-list-text\"><b>GODZINY OTWARCIA BIURA<\/b> <br>Od poniedzia\u0142ku do pi\u0105tku, w godzinach 8:00\u201317:00 (CET)<\/span>\n\t\t\t\t\t\t\t\t\t<\/li>\n\t\t\t\t\t\t<\/ul>\n\t\t\t\t\t\t<\/div>\n\t\t\t\t<\/div>\n\t\t\t\t<\/div>\n\t\t<div class=\"elementor-element elementor-element-bdcd7a6 e-con-full e-flex e-con e-child\" data-id=\"bdcd7a6\" data-element_type=\"container\" data-e-type=\"container\" data-settings=\"{&quot;jet_parallax_layout_list&quot;:[]}\">\n\t\t\t\t<div class=\"elementor-element elementor-element-7157e82 elementor-button-align-end elementor-mobile-button-align-center elementor-widget elementor-widget-form\" data-id=\"7157e82\" data-element_type=\"widget\" data-e-type=\"widget\" data-settings=\"{&quot;button_width&quot;:&quot;40&quot;,&quot;step_next_label&quot;:&quot;Next&quot;,&quot;step_previous_label&quot;:&quot;Previous&quot;,&quot;step_type&quot;:&quot;number_text&quot;,&quot;step_icon_shape&quot;:&quot;circle&quot;}\" data-widget_type=\"form.default\">\n\t\t\t\t<div class=\"elementor-widget-container\">\n\t\t\t\t\t\t\t<form class=\"elementor-form\" method=\"post\" name=\"New Form\" aria-label=\"Nowy formularz\" action=\"\">\n\t\t\t<input type=\"hidden\" name=\"post_id\" value=\"601\"\/>\n\t\t\t<input type=\"hidden\" name=\"form_id\" value=\"7157e82\"\/>\n\t\t\t<input type=\"hidden\" name=\"referer_title\" value=\"Bar\u00e7a Academy\" \/>\n\n\t\t\t\n\t\t\t<div class=\"elementor-form-fields-wrapper elementor-labels-above\">\n\t\t\t\t\t\t\t\t<div class=\"elementor-field-type-html elementor-field-group elementor-column elementor-field-group-field_14708c8 elementor-col-100\">\n\t\t\t\t\tWype\u0142nij ten kr\u00f3tki formularz, a kto\u015b z naszego\nzespo\u0142u skontaktuje si\u0119 z Tob\u0105. \t\t\t\t<\/div>\n\t\t\t\t\t\t\t\t<div class=\"elementor-field-type-text elementor-field-group elementor-column elementor-field-group-name elementor-col-50 elementor-field-required\">\n\t\t\t\t\t\t\t\t\t\t\t\t<label for=\"form-field-name\" class=\"elementor-field-label\">\n\t\t\t\t\t\t\t\tImi\u0119\t\t\t\t\t\t\t<\/label>\n\t\t\t\t\t\t\t\t\t\t\t\t\t\t<input size=\"1\" type=\"text\" name=\"form_fields[name]\" id=\"form-field-name\" class=\"elementor-field elementor-size-sm  elementor-field-textual\" placeholder=\"Imi\u0119\" required=\"required\">\n\t\t\t\t\t\t\t\t\t\t\t<\/div>\n\t\t\t\t\t\t\t\t<div class=\"elementor-field-type-text elementor-field-group elementor-column elementor-field-group-lastname elementor-col-50 elementor-field-required\">\n\t\t\t\t\t\t\t\t\t\t\t\t<label for=\"form-field-lastname\" class=\"elementor-field-label\">\n\t\t\t\t\t\t\t\tNazwisko\t\t\t\t\t\t\t<\/label>\n\t\t\t\t\t\t\t\t\t\t\t\t\t\t<input size=\"1\" type=\"text\" name=\"form_fields[lastname]\" id=\"form-field-lastname\" class=\"elementor-field elementor-size-sm  elementor-field-textual\" placeholder=\"Nazwisko\" required=\"required\">\n\t\t\t\t\t\t\t\t\t\t\t<\/div>\n\t\t\t\t\t\t\t\t<div class=\"elementor-field-type-email elementor-field-group elementor-column elementor-field-group-email elementor-col-50 elementor-field-required\">\n\t\t\t\t\t\t\t\t\t\t\t\t<label for=\"form-field-email\" class=\"elementor-field-label\">\n\t\t\t\t\t\t\t\tE-mail\t\t\t\t\t\t\t<\/label>\n\t\t\t\t\t\t\t\t\t\t\t\t\t\t<input size=\"1\" type=\"email\" name=\"form_fields[email]\" id=\"form-field-email\" class=\"elementor-field elementor-size-sm  elementor-field-textual\" placeholder=\"E-mail\" required=\"required\">\n\t\t\t\t\t\t\t\t\t\t\t<\/div>\n\t\t\t\t\t\t\t\t<div class=\"elementor-field-type-tel elementor-field-group elementor-column elementor-field-group-phone elementor-col-50 elementor-field-required\">\n\t\t\t\t\t\t\t\t\t\t\t\t<label for=\"form-field-phone\" class=\"elementor-field-label\">\n\t\t\t\t\t\t\t\tNumer telefonu\t\t\t\t\t\t\t<\/label>\n\t\t\t\t\t\t\t\t<input size=\"1\" type=\"tel\" name=\"form_fields[phone]\" id=\"form-field-phone\" class=\"elementor-field elementor-size-sm  elementor-field-textual\" placeholder=\"Numer telefonu\" required=\"required\" pattern=\"[0-9()#&amp;+*-=.]+\" title=\"Only numbers and phone characters (#, -, *, etc) are accepted.\">\n\n\t\t\t\t\t\t<\/div>\n\t\t\t\t\t\t\t\t<div class=\"elementor-field-type-textarea elementor-field-group elementor-column elementor-field-group-message elementor-col-100\">\n\t\t\t\t\t\t\t\t\t\t\t\t<label for=\"form-field-message\" class=\"elementor-field-label\">\n\t\t\t\t\t\t\t\tWiadomo\u015b\u0107\t\t\t\t\t\t\t<\/label>\n\t\t\t\t\t\t<textarea class=\"elementor-field-textual elementor-field  elementor-size-sm\" name=\"form_fields[message]\" id=\"form-field-message\" rows=\"4\" placeholder=\"Wiadomo\u015b\u0107\"><\/textarea>\t\t\t\t<\/div>\n\t\t\t\t\t\t\t\t<div class=\"elementor-field-type-html elementor-field-group elementor-column elementor-field-group-field_de4ee84 elementor-col-60\">\n\t\t\t\t\t<span style=\"color:#CCCEDD;\">Przesy\u0142aj\u0105c swoje dane, wyra\u017casz zgod\u0119 na nasze <a class=\"du_link_primary\">Warunki korzystania<\/a> i nasz\u0105 <a class=\"du_link_primary\">Polityka prywatno\u015bci<\/a>.<\/span>\t\t\t\t<\/div>\n\t\t\t\t\t\t\t\t<div class=\"elementor-field-type-hidden elementor-field-group elementor-column elementor-field-group-field_ad23374 elementor-col-100\">\n\t\t\t\t\t\t\t\t\t\t\t\t\t<input size=\"1\" type=\"hidden\" name=\"form_fields[field_ad23374]\" id=\"form-field-field_ad23374\" class=\"elementor-field elementor-size-sm  elementor-field-textual\" value=\"maj 6, 2026 7:22 PM\">\n\t\t\t\t\t\t\t\t\t\t\t<\/div>\n\t\t\t\t\t\t\t\t<div class=\"elementor-field-group elementor-column elementor-field-type-submit elementor-col-40 e-form__buttons\">\n\t\t\t\t\t<button class=\"elementor-button elementor-size-sm\" type=\"submit\">\n\t\t\t\t\t\t<span class=\"elementor-button-content-wrapper\">\n\t\t\t\t\t\t\t\t\t\t\t\t\t\t\t<span class=\"elementor-button-icon\">\n\t\t\t\t\t\t\t\t\t<svg xmlns=\"http:\/\/www.w3.org\/2000\/svg\" width=\"24\" height=\"24\" viewbox=\"0 0 24 24\" fill=\"none\"><mask id=\"mask0_2755_3649\" style=\"mask-type:alpha\" maskunits=\"userSpaceOnUse\" x=\"0\" y=\"0\" width=\"24\" height=\"24\"><rect width=\"24\" height=\"24\" fill=\"#D9D9D9\"><\/rect><\/mask><g mask=\"url(#mask0_2755_3649)\"><path d=\"M14.0061 18.1911L12.4149 16.5618L15.8391 13.1373H3.79688V10.8623H15.8391L12.4149 7.43784L14.0061 5.80859L20.2034 11.9998L14.0061 18.1911Z\" fill=\"white\"><\/path><\/g><\/svg>\t\t\t\t\t\t\t\t\t\t\t\t\t\t\t\t\t<\/span>\n\t\t\t\t\t\t\t\t\t\t\t\t\t\t\t\t\t\t\t\t\t\t<span class=\"elementor-button-text\">Wy\u015blij<\/span>\n\t\t\t\t\t\t\t\t\t\t\t\t\t<\/span>\n\t\t\t\t\t<\/button>\n\t\t\t\t<\/div>\n\t\t\t<\/div>\n\t\t<input type=\"hidden\" name=\"trp-form-language\" value=\"pl\"\/><\/form>\n\t\t\t\t\t\t<\/div>\n\t\t\t\t<\/div>\n\t\t\t\t<\/div>\n\t\t\t\t\t<\/div>\n\t\t\t\t<\/div>\n\t\t\t\t<\/div>","protected":false},"excerpt":{"rendered":"<p>Looking for Answers? EMAIL camps@barcaacademy.pl PHONE\/WHATSAPP: +48 664 421 405 OFFICE HOURS Monday to Friday, 8:00 a.m. \u2013 5:00 p.m. (CET)<\/p>","protected":false},"author":5,"featured_media":0,"parent":0,"menu_order":0,"comment_status":"closed","ping_status":"closed","template":"elementor_header_footer","meta":{"_acf_changed":false,"footnotes":""},"class_list":["post-601","page","type-page","status-publish","hentry"],"acf":[],"yoast_head":"<!-- This site is optimized with the Yoast SEO Premium plugin v26.8 (Yoast SEO v26.9) - https:\/\/yoast.com\/product\/yoast-seo-premium-wordpress\/ -->\n<title>Contact Us | Bar\u00e7a Academy<\/title>\n<meta name=\"description\" content=\"Elite football training experience designed to develop players through professional methods inspired by top European academies. Join Bar\u00e7a Academy.\" \/>\n<meta name=\"robots\" content=\"index, follow, max-snippet:-1, max-image-preview:large, max-video-preview:-1\" \/>\n<link rel=\"canonical\" href=\"https:\/\/campspoland.barcaacademy.com\/pl\/contact-us\/\" \/>\n<meta property=\"og:locale\" content=\"pl_PL\" \/>\n<meta property=\"og:type\" content=\"article\" \/>\n<meta property=\"og:title\" content=\"Contact Us | Bar\u00e7a Academy\" \/>\n<meta property=\"og:description\" content=\"Elite football training experience designed to develop players through professional methods inspired by top European academies. Join Bar\u00e7a Academy.\" \/>\n<meta property=\"og:url\" content=\"https:\/\/campspoland.barcaacademy.com\/pl\/contact-us\/\" \/>\n<meta property=\"og:site_name\" content=\"Bar\u00e7a Academy\" \/>\n<meta property=\"article:publisher\" content=\"https:\/\/www.facebook.com\/barcaacademycampspoland\" \/>\n<meta property=\"article:modified_time\" content=\"2026-04-15T23:56:19+00:00\" \/>\n<meta property=\"og:image\" content=\"https:\/\/campspoland.barcaacademy.com\/wp-content\/uploads\/2026\/02\/Hero.webp\" \/>\n\t<meta property=\"og:image:width\" content=\"1536\" \/>\n\t<meta property=\"og:image:height\" content=\"832\" \/>\n\t<meta property=\"og:image:type\" content=\"image\/webp\" \/>\n<meta name=\"twitter:card\" content=\"summary_large_image\" \/>\n<script type=\"application\/ld+json\" class=\"yoast-schema-graph\">{\"@context\":\"https:\/\/schema.org\",\"@graph\":[{\"@type\":\"WebPage\",\"@id\":\"https:\/\/campspoland.barcaacademy.com\/contact-us\/\",\"url\":\"https:\/\/campspoland.barcaacademy.com\/contact-us\/\",\"name\":\"Contact Us | Bar\u00e7a Academy\",\"isPartOf\":{\"@id\":\"https:\/\/campspoland.barcaacademy.com\/#website\"},\"datePublished\":\"2026-01-08T17:43:16+00:00\",\"dateModified\":\"2026-04-15T23:56:19+00:00\",\"description\":\"Elite football training experience designed to develop players through professional methods inspired by top European academies. Join Bar\u00e7a Academy.\",\"breadcrumb\":{\"@id\":\"https:\/\/campspoland.barcaacademy.com\/contact-us\/#breadcrumb\"},\"inLanguage\":\"pl-PL\",\"potentialAction\":[{\"@type\":\"ReadAction\",\"target\":[\"https:\/\/campspoland.barcaacademy.com\/contact-us\/\"]}]},{\"@type\":\"BreadcrumbList\",\"@id\":\"https:\/\/campspoland.barcaacademy.com\/contact-us\/#breadcrumb\",\"itemListElement\":[{\"@type\":\"ListItem\",\"position\":1,\"name\":\"Home\",\"item\":\"https:\/\/campspoland.barcaacademy.com\/\"},{\"@type\":\"ListItem\",\"position\":2,\"name\":\"Contact Us\"}]},{\"@type\":\"WebSite\",\"@id\":\"https:\/\/campspoland.barcaacademy.com\/#website\",\"url\":\"https:\/\/campspoland.barcaacademy.com\/\",\"name\":\"Bar\u00e7a Academy\",\"description\":\"Elite Football Training\",\"publisher\":{\"@id\":\"https:\/\/campspoland.barcaacademy.com\/#organization\"},\"alternateName\":\"Bar\u00e7a Academy\",\"potentialAction\":[{\"@type\":\"SearchAction\",\"target\":{\"@type\":\"EntryPoint\",\"urlTemplate\":\"https:\/\/campspoland.barcaacademy.com\/?s={search_term_string}\"},\"query-input\":{\"@type\":\"PropertyValueSpecification\",\"valueRequired\":true,\"valueName\":\"search_term_string\"}}],\"inLanguage\":\"pl-PL\"},{\"@type\":\"Organization\",\"@id\":\"https:\/\/campspoland.barcaacademy.com\/#organization\",\"name\":\"Bar\u00e7a Academy\",\"url\":\"https:\/\/campspoland.barcaacademy.com\/\",\"logo\":{\"@type\":\"ImageObject\",\"inLanguage\":\"pl-PL\",\"@id\":\"https:\/\/campspoland.barcaacademy.com\/#\/schema\/logo\/image\/\",\"url\":\"https:\/\/campspoland.barcaacademy.com\/wp-content\/uploads\/2026\/01\/Isotipo-1.svg\",\"contentUrl\":\"https:\/\/campspoland.barcaacademy.com\/wp-content\/uploads\/2026\/01\/Isotipo-1.svg\",\"width\":40,\"height\":40,\"caption\":\"Bar\u00e7a Academy\"},\"image\":{\"@id\":\"https:\/\/campspoland.barcaacademy.com\/#\/schema\/logo\/image\/\"},\"sameAs\":[\"https:\/\/www.facebook.com\/barcaacademycampspoland\"],\"publishingPrinciples\":\"https:\/\/campspoland.barcaacademy.com\/privacy-policy\/\",\"actionableFeedbackPolicy\":\"https:\/\/campspoland.barcaacademy.com\/privacy-policy\/\"}]}<\/script>\n<!-- \/ Yoast SEO Premium plugin. -->","yoast_head_json":{"title":"Contact Us | Bar\u00e7a Academy","description":"Elite football training experience designed to develop players through professional methods inspired by top European academies. Join Bar\u00e7a Academy.","robots":{"index":"index","follow":"follow","max-snippet":"max-snippet:-1","max-image-preview":"max-image-preview:large","max-video-preview":"max-video-preview:-1"},"canonical":"https:\/\/campspoland.barcaacademy.com\/pl\/contact-us\/","og_locale":"pl_PL","og_type":"article","og_title":"Contact Us | Bar\u00e7a Academy","og_description":"Elite football training experience designed to develop players through professional methods inspired by top European academies. Join Bar\u00e7a Academy.","og_url":"https:\/\/campspoland.barcaacademy.com\/pl\/contact-us\/","og_site_name":"Bar\u00e7a Academy","article_publisher":"https:\/\/www.facebook.com\/barcaacademycampspoland","article_modified_time":"2026-04-15T23:56:19+00:00","og_image":[{"width":1536,"height":832,"url":"https:\/\/campspoland.barcaacademy.com\/wp-content\/uploads\/2026\/02\/Hero.webp","type":"image\/webp"}],"twitter_card":"summary_large_image","schema":{"@context":"https:\/\/schema.org","@graph":[{"@type":"WebPage","@id":"https:\/\/campspoland.barcaacademy.com\/contact-us\/","url":"https:\/\/campspoland.barcaacademy.com\/contact-us\/","name":"Contact Us | Bar\u00e7a Academy","isPartOf":{"@id":"https:\/\/campspoland.barcaacademy.com\/#website"},"datePublished":"2026-01-08T17:43:16+00:00","dateModified":"2026-04-15T23:56:19+00:00","description":"Elite football training experience designed to develop players through professional methods inspired by top European academies. Join Bar\u00e7a Academy.","breadcrumb":{"@id":"https:\/\/campspoland.barcaacademy.com\/contact-us\/#breadcrumb"},"inLanguage":"pl-PL","potentialAction":[{"@type":"ReadAction","target":["https:\/\/campspoland.barcaacademy.com\/contact-us\/"]}]},{"@type":"BreadcrumbList","@id":"https:\/\/campspoland.barcaacademy.com\/contact-us\/#breadcrumb","itemListElement":[{"@type":"ListItem","position":1,"name":"Home","item":"https:\/\/campspoland.barcaacademy.com\/"},{"@type":"ListItem","position":2,"name":"Contact Us"}]},{"@type":"WebSite","@id":"https:\/\/campspoland.barcaacademy.com\/#website","url":"https:\/\/campspoland.barcaacademy.com\/","name":"Bar\u00e7a Academy","description":"Elite Football Training","publisher":{"@id":"https:\/\/campspoland.barcaacademy.com\/#organization"},"alternateName":"Bar\u00e7a Academy","potentialAction":[{"@type":"SearchAction","target":{"@type":"EntryPoint","urlTemplate":"https:\/\/campspoland.barcaacademy.com\/?s={search_term_string}"},"query-input":{"@type":"PropertyValueSpecification","valueRequired":true,"valueName":"search_term_string"}}],"inLanguage":"pl-PL"},{"@type":"Organization","@id":"https:\/\/campspoland.barcaacademy.com\/#organization","name":"Bar\u00e7a Academy","url":"https:\/\/campspoland.barcaacademy.com\/","logo":{"@type":"ImageObject","inLanguage":"pl-PL","@id":"https:\/\/campspoland.barcaacademy.com\/#\/schema\/logo\/image\/","url":"https:\/\/campspoland.barcaacademy.com\/wp-content\/uploads\/2026\/01\/Isotipo-1.svg","contentUrl":"https:\/\/campspoland.barcaacademy.com\/wp-content\/uploads\/2026\/01\/Isotipo-1.svg","width":40,"height":40,"caption":"Bar\u00e7a Academy"},"image":{"@id":"https:\/\/campspoland.barcaacademy.com\/#\/schema\/logo\/image\/"},"sameAs":["https:\/\/www.facebook.com\/barcaacademycampspoland"],"publishingPrinciples":"https:\/\/campspoland.barcaacademy.com\/privacy-policy\/","actionableFeedbackPolicy":"https:\/\/campspoland.barcaacademy.com\/privacy-policy\/"}]}},"_links":{"self":[{"href":"https:\/\/campspoland.barcaacademy.com\/pl\/wp-json\/wp\/v2\/pages\/601","targetHints":{"allow":["GET"]}}],"collection":[{"href":"https:\/\/campspoland.barcaacademy.com\/pl\/wp-json\/wp\/v2\/pages"}],"about":[{"href":"https:\/\/campspoland.barcaacademy.com\/pl\/wp-json\/wp\/v2\/types\/page"}],"author":[{"embeddable":true,"href":"https:\/\/campspoland.barcaacademy.com\/pl\/wp-json\/wp\/v2\/users\/5"}],"replies":[{"embeddable":true,"href":"https:\/\/campspoland.barcaacademy.com\/pl\/wp-json\/wp\/v2\/comments?post=601"}],"version-history":[{"count":48,"href":"https:\/\/campspoland.barcaacademy.com\/pl\/wp-json\/wp\/v2\/pages\/601\/revisions"}],"predecessor-version":[{"id":3873,"href":"https:\/\/campspoland.barcaacademy.com\/pl\/wp-json\/wp\/v2\/pages\/601\/revisions\/3873"}],"wp:attachment":[{"href":"https:\/\/campspoland.barcaacademy.com\/pl\/wp-json\/wp\/v2\/media?parent=601"}],"curies":[{"name":"wp","href":"https:\/\/api.w.org\/{rel}","templated":true}]}}