{"id":2971,"date":"2026-01-29T12:47:51","date_gmt":"2026-01-29T17:47:51","guid":{"rendered":"https:\/\/campspoland.barcaacademy.com\/?page_id=2971"},"modified":"2026-02-02T12:11:28","modified_gmt":"2026-02-02T17:11:28","slug":"cookies-policy","status":"publish","type":"page","link":"https:\/\/campspoland.barcaacademy.com\/pl\/cookies-policy\/","title":{"rendered":"Polityka plik\u00f3w cookie"},"content":{"rendered":"<div data-elementor-type=\"wp-page\" data-elementor-id=\"2971\" class=\"elementor elementor-2971\" data-elementor-post-type=\"page\">\n\t\t\t\t<div class=\"e-con-top elementor-element elementor-element-dd875ee e-flex e-con-boxed e-con e-parent\" data-id=\"dd875ee\" data-element_type=\"container\" data-e-type=\"container\" data-settings=\"{&quot;background_background&quot;:&quot;classic&quot;,&quot;jet_parallax_layout_list&quot;:[]}\">\n\t\t\t\t\t<div class=\"e-con-inner\">\n\t\t\t\t<div class=\"elementor-element elementor-element-fb34e0c elementor-widget__width-inherit --zindexed-5 elementor-widget-tablet__width-inherit elementor-widget elementor-widget-heading\" data-id=\"fb34e0c\" data-element_type=\"widget\" data-e-type=\"widget\" data-widget_type=\"heading.default\">\n\t\t\t\t<div class=\"elementor-widget-container\">\n\t\t\t\t\t<h2 class=\"elementor-heading-title elementor-size-default\">POLITYKA PLIK\u00d3W\n<span> PRYWATNO\u015aCI<\/span><\/h2>\t\t\t\t<\/div>\n\t\t\t\t<\/div>\n\t\t\t\t<div class=\"elementor-element elementor-element-b1685df elementor-widget__width-inherit elementor-absolute elementor-widget elementor-widget-image\" data-id=\"b1685df\" data-element_type=\"widget\" data-e-type=\"widget\" data-settings=\"{&quot;_position&quot;:&quot;absolute&quot;}\" data-widget_type=\"image.default\">\n\t\t\t\t<div class=\"elementor-widget-container\">\n\t\t\t\t\t\t\t\t\t\t\t\t\t\t\t<img fetchpriority=\"high\" decoding=\"async\" width=\"1536\" height=\"314\" src=\"https:\/\/campspoland.barcaacademy.com\/wp-content\/uploads\/2026\/01\/Ellipse-2-1-1.png\" class=\"attachment-full size-full wp-image-787\" alt=\"\" srcset=\"https:\/\/campspoland.barcaacademy.com\/wp-content\/uploads\/2026\/01\/Ellipse-2-1-1.png 1536w, https:\/\/campspoland.barcaacademy.com\/wp-content\/uploads\/2026\/01\/Ellipse-2-1-1-600x123.png 600w, https:\/\/campspoland.barcaacademy.com\/wp-content\/uploads\/2026\/01\/Ellipse-2-1-1-300x61.png 300w, https:\/\/campspoland.barcaacademy.com\/wp-content\/uploads\/2026\/01\/Ellipse-2-1-1-1024x209.png 1024w, https:\/\/campspoland.barcaacademy.com\/wp-content\/uploads\/2026\/01\/Ellipse-2-1-1-768x157.png 768w\" sizes=\"(max-width: 1536px) 100vw, 1536px\" \/>\t\t\t\t\t\t\t\t\t\t\t\t\t\t\t<\/div>\n\t\t\t\t<\/div>\n\t\t\t\t<div class=\"elementor-element elementor-element-7ea9695 elementor-widget__width-inherit elementor-absolute elementor-widget elementor-widget-image\" data-id=\"7ea9695\" data-element_type=\"widget\" data-e-type=\"widget\" data-settings=\"{&quot;_position&quot;:&quot;absolute&quot;}\" data-widget_type=\"image.default\">\n\t\t\t\t<div class=\"elementor-widget-container\">\n\t\t\t\t\t\t\t\t\t\t\t\t\t\t\t<img decoding=\"async\" width=\"1536\" height=\"314\" src=\"https:\/\/campspoland.barcaacademy.com\/wp-content\/uploads\/2026\/01\/Ellipse-3-2.png\" class=\"attachment-full size-full wp-image-788\" alt=\"\" srcset=\"https:\/\/campspoland.barcaacademy.com\/wp-content\/uploads\/2026\/01\/Ellipse-3-2.png 1536w, https:\/\/campspoland.barcaacademy.com\/wp-content\/uploads\/2026\/01\/Ellipse-3-2-600x123.png 600w, https:\/\/campspoland.barcaacademy.com\/wp-content\/uploads\/2026\/01\/Ellipse-3-2-300x61.png 300w, https:\/\/campspoland.barcaacademy.com\/wp-content\/uploads\/2026\/01\/Ellipse-3-2-1024x209.png 1024w, https:\/\/campspoland.barcaacademy.com\/wp-content\/uploads\/2026\/01\/Ellipse-3-2-768x157.png 768w\" sizes=\"(max-width: 1536px) 100vw, 1536px\" \/>\t\t\t\t\t\t\t\t\t\t\t\t\t\t\t<\/div>\n\t\t\t\t<\/div>\n\t\t\t\t<div class=\"elementor-element elementor-element-30e5b08 elementor-widget__width-inherit u-last-p-margin --zindexed-5 elementor-widget-tablet__width-inherit elementor-widget elementor-widget-text-editor\" data-id=\"30e5b08\" data-element_type=\"widget\" data-e-type=\"widget\" data-widget_type=\"text-editor.default\">\n\t\t\t\t<div class=\"elementor-widget-container\">\n\t\t\t\t\t\t\t\t\t<p>Strona internetowa mo\u017ce wykorzystywa\u0107 pliki cookie techniczne niezb\u0119dne do jej prawid\u0142owego funkcjonowania.<\/p>\t\t\t\t\t\t\t\t<\/div>\n\t\t\t\t<\/div>\n\t\t\t\t<div class=\"elementor-element elementor-element-9d22b6b elementor-widget__width-inherit u-last-p-margin --zindexed-5 elementor-widget-tablet__width-inherit elementor-widget elementor-widget-text-editor\" data-id=\"9d22b6b\" data-element_type=\"widget\" data-e-type=\"widget\" data-widget_type=\"text-editor.default\">\n\t\t\t\t<div class=\"elementor-widget-container\">\n\t\t\t\t\t\t\t\t\t<p>Fundacja Marzenie w Grze informuje u\u017cytkownik\u00f3w, \u017ce strona internetowa korzysta z w\u0142asnych i zewn\u0119trznych plik\u00f3w cookie technicznych, personalizacyjnych, analitycznych, a w stosownych przypadkach reklamowych, kt\u00f3re przetwarzaj\u0105 dane dotycz\u0105ce po\u0142\u0105czenia i\/lub urz\u0105dzenia, a tak\u017ce nawyk\u00f3w przegl\u0105dania, w celach statystycznych, funkcjonalnych i, w stosownych przypadkach, reklamowych.<\/p><p>Podczas korzystania ze strony internetowej, zgodnie z obowi\u0105zuj\u0105cymi przepisami, u\u017cytkownicy s\u0105 informowani o stosowaniu plik\u00f3w cookies, a tam, gdzie jest to wymagane przez prawo, uzyskiwana jest ich zgoda. Wi\u0119cej informacji na temat stosowanych plik\u00f3w cookies mo\u017cna znale\u017a\u0107 w obowi\u0105zuj\u0105cej Polityce Plik\u00f3w Cookie.<\/p>\t\t\t\t\t\t\t\t<\/div>\n\t\t\t\t<\/div>\n\t\t\t\t\t<\/div>\n\t\t\t\t<\/div>\n\t\t\t\t<\/div>","protected":false},"excerpt":{"rendered":"<p>COOKIES POLICY The website may use technical cookies necessary for proper functioning. The Dream in the Game Foundation informs users that the website uses its own and third-party technical, personalization, analytical and, where applicable, advertising cookies, which process connection and\/or device data, as well as browsing habits, for statistical, functional and, where applicable, advertising purposes. [&hellip;]<\/p>","protected":false},"author":5,"featured_media":0,"parent":0,"menu_order":0,"comment_status":"closed","ping_status":"closed","template":"elementor_header_footer","meta":{"_acf_changed":false,"footnotes":""},"class_list":["post-2971","page","type-page","status-publish","hentry"],"acf":[],"yoast_head":"<!-- This site is optimized with the Yoast SEO Premium plugin v26.8 (Yoast SEO v26.9) - https:\/\/yoast.com\/product\/yoast-seo-premium-wordpress\/ -->\n<title>Cookies Policy | Bar\u00e7a Academy<\/title>\n<meta name=\"description\" content=\"Elite football training experience designed to develop players through professional methods inspired by top European academies. Join Bar\u00e7a Academy.\" \/>\n<meta name=\"robots\" content=\"index, follow, max-snippet:-1, max-image-preview:large, max-video-preview:-1\" \/>\n<link rel=\"canonical\" href=\"https:\/\/campspoland.barcaacademy.com\/pl\/cookies-policy\/\" \/>\n<meta property=\"og:locale\" content=\"pl_PL\" \/>\n<meta property=\"og:type\" content=\"article\" \/>\n<meta property=\"og:title\" content=\"Cookies Policy | Bar\u00e7a Academy\" \/>\n<meta property=\"og:description\" content=\"Elite football training experience designed to develop players through professional methods inspired by top European academies. Join Bar\u00e7a Academy.\" \/>\n<meta property=\"og:url\" content=\"https:\/\/campspoland.barcaacademy.com\/pl\/cookies-policy\/\" \/>\n<meta property=\"og:site_name\" content=\"Bar\u00e7a Academy\" \/>\n<meta property=\"article:publisher\" content=\"https:\/\/www.facebook.com\/barcaacademycampspoland\" \/>\n<meta property=\"article:modified_time\" content=\"2026-02-02T17:11:28+00:00\" \/>\n<meta property=\"og:image\" content=\"https:\/\/campspoland.barcaacademy.com\/wp-content\/uploads\/2026\/01\/Ellipse-2-1-1.png\" \/>\n<meta name=\"twitter:card\" content=\"summary_large_image\" \/>\n<script type=\"application\/ld+json\" class=\"yoast-schema-graph\">{\"@context\":\"https:\/\/schema.org\",\"@graph\":[{\"@type\":\"WebPage\",\"@id\":\"https:\/\/campspoland.barcaacademy.com\/cookies-policy\/\",\"url\":\"https:\/\/campspoland.barcaacademy.com\/cookies-policy\/\",\"name\":\"Cookies Policy | Bar\u00e7a Academy\",\"isPartOf\":{\"@id\":\"https:\/\/campspoland.barcaacademy.com\/#website\"},\"primaryImageOfPage\":{\"@id\":\"https:\/\/campspoland.barcaacademy.com\/cookies-policy\/#primaryimage\"},\"image\":{\"@id\":\"https:\/\/campspoland.barcaacademy.com\/cookies-policy\/#primaryimage\"},\"thumbnailUrl\":\"https:\/\/campspoland.barcaacademy.com\/wp-content\/uploads\/2026\/01\/Ellipse-2-1-1.png\",\"datePublished\":\"2026-01-29T17:47:51+00:00\",\"dateModified\":\"2026-02-02T17:11:28+00:00\",\"description\":\"Elite football training experience designed to develop players through professional methods inspired by top European academies. Join Bar\u00e7a Academy.\",\"breadcrumb\":{\"@id\":\"https:\/\/campspoland.barcaacademy.com\/cookies-policy\/#breadcrumb\"},\"inLanguage\":\"pl-PL\",\"potentialAction\":[{\"@type\":\"ReadAction\",\"target\":[\"https:\/\/campspoland.barcaacademy.com\/cookies-policy\/\"]}]},{\"@type\":\"ImageObject\",\"inLanguage\":\"pl-PL\",\"@id\":\"https:\/\/campspoland.barcaacademy.com\/cookies-policy\/#primaryimage\",\"url\":\"https:\/\/campspoland.barcaacademy.com\/wp-content\/uploads\/2026\/01\/Ellipse-2-1-1.png\",\"contentUrl\":\"https:\/\/campspoland.barcaacademy.com\/wp-content\/uploads\/2026\/01\/Ellipse-2-1-1.png\"},{\"@type\":\"BreadcrumbList\",\"@id\":\"https:\/\/campspoland.barcaacademy.com\/cookies-policy\/#breadcrumb\",\"itemListElement\":[{\"@type\":\"ListItem\",\"position\":1,\"name\":\"Home\",\"item\":\"https:\/\/campspoland.barcaacademy.com\/\"},{\"@type\":\"ListItem\",\"position\":2,\"name\":\"Cookies Policy\"}]},{\"@type\":\"WebSite\",\"@id\":\"https:\/\/campspoland.barcaacademy.com\/#website\",\"url\":\"https:\/\/campspoland.barcaacademy.com\/\",\"name\":\"Bar\u00e7a Academy\",\"description\":\"Elite Football Training\",\"publisher\":{\"@id\":\"https:\/\/campspoland.barcaacademy.com\/#organization\"},\"alternateName\":\"Bar\u00e7a Academy\",\"potentialAction\":[{\"@type\":\"SearchAction\",\"target\":{\"@type\":\"EntryPoint\",\"urlTemplate\":\"https:\/\/campspoland.barcaacademy.com\/?s={search_term_string}\"},\"query-input\":{\"@type\":\"PropertyValueSpecification\",\"valueRequired\":true,\"valueName\":\"search_term_string\"}}],\"inLanguage\":\"pl-PL\"},{\"@type\":\"Organization\",\"@id\":\"https:\/\/campspoland.barcaacademy.com\/#organization\",\"name\":\"Bar\u00e7a Academy\",\"url\":\"https:\/\/campspoland.barcaacademy.com\/\",\"logo\":{\"@type\":\"ImageObject\",\"inLanguage\":\"pl-PL\",\"@id\":\"https:\/\/campspoland.barcaacademy.com\/#\/schema\/logo\/image\/\",\"url\":\"https:\/\/campspoland.barcaacademy.com\/wp-content\/uploads\/2026\/01\/Isotipo-1.svg\",\"contentUrl\":\"https:\/\/campspoland.barcaacademy.com\/wp-content\/uploads\/2026\/01\/Isotipo-1.svg\",\"width\":40,\"height\":40,\"caption\":\"Bar\u00e7a Academy\"},\"image\":{\"@id\":\"https:\/\/campspoland.barcaacademy.com\/#\/schema\/logo\/image\/\"},\"sameAs\":[\"https:\/\/www.facebook.com\/barcaacademycampspoland\"],\"publishingPrinciples\":\"https:\/\/campspoland.barcaacademy.com\/privacy-policy\/\",\"actionableFeedbackPolicy\":\"https:\/\/campspoland.barcaacademy.com\/privacy-policy\/\"}]}<\/script>\n<!-- \/ Yoast SEO Premium plugin. -->","yoast_head_json":{"title":"Cookies Policy | Bar\u00e7a Academy","description":"Elite football training experience designed to develop players through professional methods inspired by top European academies. Join Bar\u00e7a Academy.","robots":{"index":"index","follow":"follow","max-snippet":"max-snippet:-1","max-image-preview":"max-image-preview:large","max-video-preview":"max-video-preview:-1"},"canonical":"https:\/\/campspoland.barcaacademy.com\/pl\/cookies-policy\/","og_locale":"pl_PL","og_type":"article","og_title":"Cookies Policy | Bar\u00e7a Academy","og_description":"Elite football training experience designed to develop players through professional methods inspired by top European academies. Join Bar\u00e7a Academy.","og_url":"https:\/\/campspoland.barcaacademy.com\/pl\/cookies-policy\/","og_site_name":"Bar\u00e7a Academy","article_publisher":"https:\/\/www.facebook.com\/barcaacademycampspoland","article_modified_time":"2026-02-02T17:11:28+00:00","og_image":[{"url":"https:\/\/campspoland.barcaacademy.com\/wp-content\/uploads\/2026\/01\/Ellipse-2-1-1.png","type":"","width":"","height":""}],"twitter_card":"summary_large_image","schema":{"@context":"https:\/\/schema.org","@graph":[{"@type":"WebPage","@id":"https:\/\/campspoland.barcaacademy.com\/cookies-policy\/","url":"https:\/\/campspoland.barcaacademy.com\/cookies-policy\/","name":"Cookies Policy | Bar\u00e7a Academy","isPartOf":{"@id":"https:\/\/campspoland.barcaacademy.com\/#website"},"primaryImageOfPage":{"@id":"https:\/\/campspoland.barcaacademy.com\/cookies-policy\/#primaryimage"},"image":{"@id":"https:\/\/campspoland.barcaacademy.com\/cookies-policy\/#primaryimage"},"thumbnailUrl":"https:\/\/campspoland.barcaacademy.com\/wp-content\/uploads\/2026\/01\/Ellipse-2-1-1.png","datePublished":"2026-01-29T17:47:51+00:00","dateModified":"2026-02-02T17:11:28+00:00","description":"Elite football training experience designed to develop players through professional methods inspired by top European academies. Join Bar\u00e7a Academy.","breadcrumb":{"@id":"https:\/\/campspoland.barcaacademy.com\/cookies-policy\/#breadcrumb"},"inLanguage":"pl-PL","potentialAction":[{"@type":"ReadAction","target":["https:\/\/campspoland.barcaacademy.com\/cookies-policy\/"]}]},{"@type":"ImageObject","inLanguage":"pl-PL","@id":"https:\/\/campspoland.barcaacademy.com\/cookies-policy\/#primaryimage","url":"https:\/\/campspoland.barcaacademy.com\/wp-content\/uploads\/2026\/01\/Ellipse-2-1-1.png","contentUrl":"https:\/\/campspoland.barcaacademy.com\/wp-content\/uploads\/2026\/01\/Ellipse-2-1-1.png"},{"@type":"BreadcrumbList","@id":"https:\/\/campspoland.barcaacademy.com\/cookies-policy\/#breadcrumb","itemListElement":[{"@type":"ListItem","position":1,"name":"Home","item":"https:\/\/campspoland.barcaacademy.com\/"},{"@type":"ListItem","position":2,"name":"Cookies Policy"}]},{"@type":"WebSite","@id":"https:\/\/campspoland.barcaacademy.com\/#website","url":"https:\/\/campspoland.barcaacademy.com\/","name":"Bar\u00e7a Academy","description":"Elite Football Training","publisher":{"@id":"https:\/\/campspoland.barcaacademy.com\/#organization"},"alternateName":"Bar\u00e7a Academy","potentialAction":[{"@type":"SearchAction","target":{"@type":"EntryPoint","urlTemplate":"https:\/\/campspoland.barcaacademy.com\/?s={search_term_string}"},"query-input":{"@type":"PropertyValueSpecification","valueRequired":true,"valueName":"search_term_string"}}],"inLanguage":"pl-PL"},{"@type":"Organization","@id":"https:\/\/campspoland.barcaacademy.com\/#organization","name":"Bar\u00e7a Academy","url":"https:\/\/campspoland.barcaacademy.com\/","logo":{"@type":"ImageObject","inLanguage":"pl-PL","@id":"https:\/\/campspoland.barcaacademy.com\/#\/schema\/logo\/image\/","url":"https:\/\/campspoland.barcaacademy.com\/wp-content\/uploads\/2026\/01\/Isotipo-1.svg","contentUrl":"https:\/\/campspoland.barcaacademy.com\/wp-content\/uploads\/2026\/01\/Isotipo-1.svg","width":40,"height":40,"caption":"Bar\u00e7a Academy"},"image":{"@id":"https:\/\/campspoland.barcaacademy.com\/#\/schema\/logo\/image\/"},"sameAs":["https:\/\/www.facebook.com\/barcaacademycampspoland"],"publishingPrinciples":"https:\/\/campspoland.barcaacademy.com\/privacy-policy\/","actionableFeedbackPolicy":"https:\/\/campspoland.barcaacademy.com\/privacy-policy\/"}]}},"_links":{"self":[{"href":"https:\/\/campspoland.barcaacademy.com\/pl\/wp-json\/wp\/v2\/pages\/2971","targetHints":{"allow":["GET"]}}],"collection":[{"href":"https:\/\/campspoland.barcaacademy.com\/pl\/wp-json\/wp\/v2\/pages"}],"about":[{"href":"https:\/\/campspoland.barcaacademy.com\/pl\/wp-json\/wp\/v2\/types\/page"}],"author":[{"embeddable":true,"href":"https:\/\/campspoland.barcaacademy.com\/pl\/wp-json\/wp\/v2\/users\/5"}],"replies":[{"embeddable":true,"href":"https:\/\/campspoland.barcaacademy.com\/pl\/wp-json\/wp\/v2\/comments?post=2971"}],"version-history":[{"count":0,"href":"https:\/\/campspoland.barcaacademy.com\/pl\/wp-json\/wp\/v2\/pages\/2971\/revisions"}],"wp:attachment":[{"href":"https:\/\/campspoland.barcaacademy.com\/pl\/wp-json\/wp\/v2\/media?parent=2971"}],"curies":[{"name":"wp","href":"https:\/\/api.w.org\/{rel}","templated":true}]}}